{"id":883,"date":"2017-01-02T17:57:16","date_gmt":"2017-01-02T17:57:16","guid":{"rendered":"https:\/\/lujhon.com\/?page_id=883"},"modified":"2017-12-18T22:14:43","modified_gmt":"2017-12-18T22:14:43","slug":"paquetes-ecommerce","status":"publish","type":"page","link":"https:\/\/lujhon.com\/en\/paquetes-ecommerce\/","title":{"rendered":"Paquetes Ecommerce"},"content":{"rendered":"<p>[et_pb_section fb_built=\u00bb1&#8243; fullwidth=\u00bbon\u00bb admin_label=\u00bbSecci\u00f3n\u00bb custom_padding_last_edited=\u00bbon|desktop\u00bb _builder_version=\u00bb3.0.47&#8243; background_image=\u00bbhttps:\/\/lujhon.com\/wp-content\/uploads\/2016\/10\/bg-cabecera-ecommerce.jpg\u00bb custom_padding_tablet=\u00bb50px|0|50px|0&#8243; transparent_background=\u00bboff\u00bb padding_mobile=\u00bboff\u00bb][et_pb_fullwidth_header title=\u00bbPaquetes Ecommerce a tu medida\u00bb subhead=\u00bbPromoci\u00f3n v\u00e1lida hasta el 29 de Julio\u00bb background_layout=\u00bbdark\u00bb admin_label=\u00bbT\u00edtulo de anchura completa\u00bb _builder_version=\u00bb3.0.47&#8243;][\/et_pb_fullwidth_header][\/et_pb_section][et_pb_section fb_built=\u00bb1&#8243; admin_label=\u00bbSecci\u00f3n\u00bb custom_padding_last_edited=\u00bbon|desktop\u00bb _builder_version=\u00bb3.0.47&#8243; custom_padding_tablet=\u00bb50px|0|50px|0&#8243; transparent_background=\u00bboff\u00bb padding_mobile=\u00bboff\u00bb][et_pb_row padding_mobile=\u00bboff\u00bb column_padding_mobile=\u00bbon\u00bb admin_label=\u00bbFila\u00bb _builder_version=\u00bb3.0.47&#8243; background_size=\u00bbinitial\u00bb background_position=\u00bbtop_left\u00bb background_repeat=\u00bbrepeat\u00bb][et_pb_column type=\u00bb4_4&#8243; _builder_version=\u00bb3.0.47&#8243; column_padding_mobile=\u00bbon\u00bb parallax=\u00bboff\u00bb parallax_method=\u00bbon\u00bb][et_pb_text admin_label=\u00bbTexto\u00bb _builder_version=\u00bb3.0.47&#8243; background_size=\u00bbinitial\u00bb background_position=\u00bbtop_left\u00bb background_repeat=\u00bbrepeat\u00bb use_border_color=\u00bboff\u00bb border_style=\u00bbsolid\u00bb]<\/p>\n<h3>\u00bfQue lograr\u00e9 con este servicio?<\/h3>\n<ul>\n<li>Vender a trav\u00e9s de internet<\/li>\n<li>Gestionar el stock de tus productos<\/li>\n<li>Gestionar la informaci\u00f3n, precios y promociones de los productos<\/li>\n<li>Dar facilidades de pago (Pagos con tarjeta de cr\u00e9dito o d\u00e9bito)<\/li>\n<\/ul>\n<p>[\/et_pb_text][\/et_pb_column][\/et_pb_row][et_pb_row padding_mobile=\u00bboff\u00bb column_padding_mobile=\u00bbon\u00bb parallax_method_1=\u00bboff\u00bb admin_label=\u00bbFila\u00bb _builder_version=\u00bb3.0.47&#8243; background_size=\u00bbinitial\u00bb background_position=\u00bbtop_left\u00bb background_repeat=\u00bbrepeat\u00bb][et_pb_column type=\u00bb4_4&#8243; _builder_version=\u00bb3.0.47&#8243; column_padding_mobile=\u00bbon\u00bb parallax=\u00bboff\u00bb parallax_method=\u00bboff\u00bb][et_pb_pricing_tables admin_label=\u00bbTablas de precios\u00bb _builder_version=\u00bb3.0.47&#8243; use_border_color=\u00bboff\u00bb border_color=\u00bb#ffffff\u00bb border_style=\u00bbsolid\u00bb remove_featured_drop_shadow=\u00bboff\u00bb saved_tabs=\u00bball\u00bb][et_pb_pricing_table title=\u00bbPaquete 1&#8243; subtitle=\u00bbEcommerce Silver\u00bb currency=\u00bbS\/.\u00bb sum=\u00bb1299&#8243; button_url=\u00bbhttps:\/\/lujhon.com\/contactanos\/\u00bb button_text=\u00bb\u00a1Lo Quiero!\u00bb _builder_version=\u00bb3.0.47&#8243; header_font=\u00bb||||\u00bb body_font=\u00bb||||\u00bb subheader_font=\u00bb||||\u00bb currency_frequency_font=\u00bb||||\u00bb price_font=\u00bb||||\u00bb custom_button=\u00bboff\u00bb button_icon_placement=\u00bbright\u00bb button_on_hover=\u00bbon\u00bb]<\/p>\n<p>+Dominio propio (.com .org .net)<\/p>\n<p>+Adaptable a dispositivos m\u00f3viles<\/p>\n<p>+Correos corporativos <strong>ILIMITADOS<\/strong><\/p>\n<p>+100% administrable<\/p>\n<p>+Slider de imagenes o videos<\/p>\n<p>+Formulario de contacto<\/p>\n<p>+Cat\u00e1logo de productos por categor\u00eda<\/p>\n<p>+Descripcion detallada: precio, color, etc<\/p>\n<p>+Hosting<strong>\u00a0Pyme<\/strong><\/p>\n<p>+Pasarela de Pagos<\/p>\n<p>+Certificado SSL<\/p>\n<p>+Instalaci\u00f3n de Carrito de Compras<\/p>\n<p>+Asesor\u00eda en el uso de la web<\/p>\n<p>+Enlace a redes sociales<\/p>\n<p>[\/et_pb_pricing_table][et_pb_pricing_table featured=\u00bbon\u00bb title=\u00bbPaquete 2&#8243; subtitle=\u00bbEcommerce Gold\u00bb currency=\u00bbS.\/\u00bb sum=\u00bb1799&#8243; button_url=\u00bbhttps:\/\/lujhon.com\/contactanos\/\u00bb button_text=\u00bb\u00a1Lo Quiero!\u00bb _builder_version=\u00bb3.0.47&#8243; header_font=\u00bb||||\u00bb body_font=\u00bb||||\u00bb subheader_font=\u00bb||||\u00bb currency_frequency_font=\u00bb||||\u00bb price_font=\u00bb||||\u00bb custom_button=\u00bboff\u00bb button_icon_placement=\u00bbright\u00bb button_on_hover=\u00bbon\u00bb]<\/p>\n<p>+Dominio propio (.com .org .net)<\/p>\n<p>+Adaptable a dispositivos m\u00f3viles<\/p>\n<p>+Correos corporativos <strong>ILIMITADOS<\/strong><\/p>\n<p>+100% administrable<\/p>\n<p>+Slider de imagenes o videos<\/p>\n<p>+Formulario de contacto<\/p>\n<p>+Cat\u00e1logo de productos por categor\u00eda<\/p>\n<p>+Bot\u00f3n compartir en redes sociales<\/p>\n<p>+Descripcion detallada: precio, color, etc<\/p>\n<p>+Hosting\u00a0<strong>Corporativo<\/strong><\/p>\n<p>+Pasarela de Pagos<\/p>\n<p>+Certificado SSL<\/p>\n<p>+Instalaci\u00f3n de Carrito de Compras<\/p>\n<p>+Asesor\u00eda en el uso de la web<\/p>\n<p>+Enlace a redes sociales<\/p>\n<p>+Integracion con redes sociales<\/p>\n<p>+Ubicacion en Google Maps<\/p>\n<p>+Dise\u00f1o\u00a0de Portada<\/p>\n<p>+Publicaci\u00f3n de productos (<strong>30<\/strong>)<\/p>\n<p>+Estad\u00edsticas<\/p>\n<p>[\/et_pb_pricing_table][et_pb_pricing_table title=\u00bbPaquete 3&#8243; subtitle=\u00bbEcommerce Platino\u00bb currency=\u00bbS.\/\u00bb sum=\u00bb3099&#8243; button_url=\u00bbhttps:\/\/lujhon.com\/contactanos\/\u00bb button_text=\u00bb\u00a1Lo Quiero!\u00bb _builder_version=\u00bb3.0.47&#8243; header_font=\u00bb||||\u00bb body_font=\u00bb||||\u00bb subheader_font=\u00bb||||\u00bb currency_frequency_font=\u00bb||||\u00bb price_font=\u00bb||||\u00bb custom_button=\u00bboff\u00bb button_icon_placement=\u00bbright\u00bb button_on_hover=\u00bbon\u00bb]<\/p>\n<p>+Dominio propio (.com .org .net)<\/p>\n<p>+Adaptable a dispositivos m\u00f3viles<\/p>\n<p>+Correos corporativos <strong>ILIMITADOS<\/strong><\/p>\n<p>+100% administrable<\/p>\n<p>+Slider de imagenes o videos<\/p>\n<p>+Formulario de contacto<\/p>\n<p>+Cat\u00e1logo de productos por categor\u00eda<\/p>\n<p>+Bot\u00f3n compartir en redes sociales<\/p>\n<p>+Descripcion detallada: precio, color, etc<\/p>\n<p>+Hosting\u00a0<strong>Ecommerce<\/strong><\/p>\n<p>+Pasarela de Pagos<\/p>\n<p>+Certificado SSL<\/p>\n<p>+Instalaci\u00f3n de Carrito de Compras<\/p>\n<p>+Asesor\u00eda en el uso de la web<\/p>\n<p>+Enlace a redes sociales<\/p>\n<p>+Integracion con redes sociales<\/p>\n<p>+Ubicacion en Google Maps<\/p>\n<p>+Dise\u00f1o\u00a0Personalizado<\/p>\n<p>+Publicaci\u00f3n de productos (<strong>50<\/strong>)<\/p>\n<p>+Estad\u00edsticas<\/p>\n<p>+Chat de facebook Integrado<\/p>\n<p>+Importaci\u00f3n de comentarios<\/p>\n<p>+Sesi\u00f3n de Fotos (<strong>50 productos<\/strong>)<\/p>\n<p>+Edici\u00f3n de\u00a0fotos<\/p>\n<p>[\/et_pb_pricing_table][\/et_pb_pricing_tables][\/et_pb_column][\/et_pb_row][et_pb_row padding_mobile=\u00bboff\u00bb column_padding_mobile=\u00bbon\u00bb admin_label=\u00bbFila\u00bb _builder_version=\u00bb3.0.47&#8243; background_size=\u00bbinitial\u00bb background_position=\u00bbtop_left\u00bb background_repeat=\u00bbrepeat\u00bb][et_pb_column type=\u00bb4_4&#8243; _builder_version=\u00bb3.0.47&#8243; column_padding_mobile=\u00bbon\u00bb parallax=\u00bboff\u00bb parallax_method=\u00bbon\u00bb][et_pb_text admin_label=\u00bbTexto\u00bb _builder_version=\u00bb3.0.47&#8243; background_size=\u00bbinitial\u00bb background_position=\u00bbtop_left\u00bb background_repeat=\u00bbrepeat\u00bb use_border_color=\u00bboff\u00bb border_style=\u00bbsolid\u00bb]<\/p>\n<p style=\"text-align: center;\"><em><strong>*Los precios no incluyen IGV<\/strong><\/em><\/p>\n<p>[\/et_pb_text][\/et_pb_column][\/et_pb_row][et_pb_row padding_mobile=\u00bboff\u00bb column_padding_mobile=\u00bbon\u00bb admin_label=\u00bbFila\u00bb _builder_version=\u00bb3.0.47&#8243; background_size=\u00bbinitial\u00bb background_position=\u00bbtop_left\u00bb background_repeat=\u00bbrepeat\u00bb][et_pb_column type=\u00bb1_2&#8243; _builder_version=\u00bb3.0.47&#8243; column_padding_mobile=\u00bbon\u00bb parallax=\u00bboff\u00bb parallax_method=\u00bbon\u00bb][et_pb_text admin_label=\u00bbTexto\u00bb _builder_version=\u00bb3.0.47&#8243; background_size=\u00bbinitial\u00bb background_position=\u00bbtop_left\u00bb background_repeat=\u00bbrepeat\u00bb use_border_color=\u00bboff\u00bb border_style=\u00bbsolid\u00bb]<\/p>\n<h3>Un punto de venta efectivo<\/h3>\n<p>El mundo digital a permitido que las empresas puedan estar m\u00e1s cerca de las personas, facilitando y mejorando tambi\u00e9n su experiencia de compra. Con un ecommerce\u00a0las personas con tan solo un click pueden realizar las compras desde la comodidad de su hogar, y Lujhon ayudamos a que eso sea posible.<\/p>\n<p>[\/et_pb_text][\/et_pb_column][et_pb_column type=\u00bb1_2&#8243; _builder_version=\u00bb3.0.47&#8243; column_padding_mobile=\u00bbon\u00bb parallax=\u00bboff\u00bb parallax_method=\u00bbon\u00bb][et_pb_text admin_label=\u00bbTexto\u00bb _builder_version=\u00bb3.0.47&#8243; background_size=\u00bbinitial\u00bb background_position=\u00bbtop_left\u00bb background_repeat=\u00bbrepeat\u00bb use_border_color=\u00bboff\u00bb border_style=\u00bbsolid\u00bb]<\/p>\n<h3>\u00bfComo funciona?<\/h3>\n<p>A trav\u00e9s de un ecommerce las empresas podr\u00e1n mostrar variedades de productos o servicios que estar\u00e1n a solo un click del cliente, mediante una plataforma din\u00e1mica, funcional e intuitiva y una pasarela de pagos segura ellos podr\u00e1n realizar facilmente sus compras a trav\u00e9s de internet y las empresas podr\u00e1n aumentar sus ventas teniendo un ecommerce como un punto de venta efectivo que funciona las 24 horas del d\u00eda.<\/p>\n<h3><\/h3>\n<p>[\/et_pb_text][\/et_pb_column][\/et_pb_row][\/et_pb_section][et_pb_section fb_built=\u00bb1&#8243; background_color=\u00bb#353942&#8243; admin_label=\u00bbsection\u00bb custom_padding_last_edited=\u00bbon|desktop\u00bb _builder_version=\u00bb3.0.47&#8243; custom_padding_tablet=\u00bb50px|0|50px|0&#8243; transparent_background=\u00bboff\u00bb padding_mobile=\u00bboff\u00bb global_module=\u00bb444&#8243;][et_pb_row padding_mobile=\u00bboff\u00bb column_padding_mobile=\u00bbon\u00bb parallax_method_1=\u00bboff\u00bb parallax_method_2=\u00bboff\u00bb parallax_method_3=\u00bboff\u00bb parallax_method_4=\u00bboff\u00bb admin_label=\u00bbrow\u00bb module_id=\u00bbsec-servicios\u00bb _builder_version=\u00bb3.0.47&#8243; background_size=\u00bbinitial\u00bb background_position=\u00bbtop_left\u00bb background_repeat=\u00bbrepeat\u00bb][et_pb_column type=\u00bb1_4&#8243; _builder_version=\u00bb3.0.47&#8243; column_padding_mobile=\u00bbon\u00bb parallax=\u00bboff\u00bb parallax_method=\u00bboff\u00bb][et_pb_blurb title=\u00bbSocial Media\u00bb icon_color=\u00bb#108bf5&#8243; image=\u00bbhttps:\/\/lujhon.com\/wp-content\/uploads\/2016\/03\/icono3.png\u00bb background_layout=\u00bbdark\u00bb admin_label=\u00bbBlurb\u00bb _builder_version=\u00bb3.0.47&#8243; background_size=\u00bbinitial\u00bb background_position=\u00bbtop_left\u00bb background_repeat=\u00bbrepeat\u00bb text_orientation=\u00bbcenter\u00bb custom_margin=\u00bb||0px|\u00bb use_border_color=\u00bboff\u00bb border_color=\u00bb#ffffff\u00bb border_style=\u00bbsolid\u00bb]<\/p>\n<p>Conocemos lo importante que es tener presencia en las redes sociales.<\/p>\n<p>[\/et_pb_blurb][et_pb_cta button_url=\u00bbhttps:\/\/lujhon.com\/social-media\/\u00bb button_text=\u00bbEnt\u00e9rate m\u00e1s\u00bb use_background_color=\u00bboff\u00bb admin_label=\u00bbCall To Action\u00bb _builder_version=\u00bb3.0.47&#8243; background_size=\u00bbinitial\u00bb background_position=\u00bbtop_left\u00bb background_repeat=\u00bbrepeat\u00bb custom_margin=\u00bb0px||0px|\u00bb use_border_color=\u00bboff\u00bb border_color=\u00bb#ffffff\u00bb border_style=\u00bbsolid\u00bb][\/et_pb_cta][\/et_pb_column][et_pb_column type=\u00bb1_4&#8243; _builder_version=\u00bb3.0.47&#8243; column_padding_mobile=\u00bbon\u00bb parallax=\u00bboff\u00bb parallax_method=\u00bboff\u00bb][et_pb_blurb title=\u00bbP\u00e1ginas Web\u00bb icon_color=\u00bb#108bf5&#8243; image=\u00bbhttps:\/\/lujhon.com\/wp-content\/uploads\/2016\/03\/icono2.png\u00bb background_layout=\u00bbdark\u00bb admin_label=\u00bbBlurb\u00bb _builder_version=\u00bb3.0.47&#8243; background_size=\u00bbinitial\u00bb background_position=\u00bbtop_left\u00bb background_repeat=\u00bbrepeat\u00bb text_orientation=\u00bbcenter\u00bb custom_margin=\u00bb||0px|\u00bb use_border_color=\u00bboff\u00bb border_color=\u00bb#ffffff\u00bb border_style=\u00bbsolid\u00bb]<\/p>\n<p><span style=\"font-weight: 400;\">Desarrollamos\u00a0sitios\u00a0web modernos adaptados a\u00a0tus necesidades.<\/span><\/p>\n<p>[\/et_pb_blurb][et_pb_cta button_url=\u00bbhttps:\/\/lujhon.com\/paginas-web\/\u00bb button_text=\u00bbEnt\u00e9rate m\u00e1s\u00bb use_background_color=\u00bboff\u00bb admin_label=\u00bbCall To Action\u00bb _builder_version=\u00bb3.0.47&#8243; background_size=\u00bbinitial\u00bb background_position=\u00bbtop_left\u00bb background_repeat=\u00bbrepeat\u00bb custom_margin=\u00bb0px||0px|\u00bb use_border_color=\u00bboff\u00bb border_color=\u00bb#ffffff\u00bb border_style=\u00bbsolid\u00bb][\/et_pb_cta][\/et_pb_column][et_pb_column type=\u00bb1_4&#8243; _builder_version=\u00bb3.0.47&#8243; column_padding_mobile=\u00bbon\u00bb parallax=\u00bboff\u00bb parallax_method=\u00bboff\u00bb][et_pb_blurb title=\u00bbE-commerce\u00bb icon_color=\u00bb#108bf5&#8243; image=\u00bbhttps:\/\/lujhon.com\/wp-content\/uploads\/2016\/03\/icono1.png\u00bb background_layout=\u00bbdark\u00bb admin_label=\u00bbBlurb\u00bb _builder_version=\u00bb3.0.47&#8243; background_size=\u00bbinitial\u00bb background_position=\u00bbtop_left\u00bb background_repeat=\u00bbrepeat\u00bb text_orientation=\u00bbcenter\u00bb custom_margin=\u00bb||0px|\u00bb use_border_color=\u00bboff\u00bb border_color=\u00bb#ffffff\u00bb border_style=\u00bbsolid\u00bb]<\/p>\n<p><span style=\"font-weight: 400;\">El siguiente paso es hacer de\u00a0tu sitio\u00a0web un\u00a0punto de\u00a0venta.<\/span><\/p>\n<p>[\/et_pb_blurb][et_pb_cta button_url=\u00bbhttps:\/\/lujhon.com\/ecommerce\u00bb button_text=\u00bbEnt\u00e9rate m\u00e1s\u00bb use_background_color=\u00bboff\u00bb admin_label=\u00bbCall To Action\u00bb _builder_version=\u00bb3.0.47&#8243; background_size=\u00bbinitial\u00bb background_position=\u00bbtop_left\u00bb background_repeat=\u00bbrepeat\u00bb custom_margin=\u00bb0px||0px|\u00bb use_border_color=\u00bboff\u00bb border_color=\u00bb#ffffff\u00bb border_style=\u00bbsolid\u00bb][\/et_pb_cta][\/et_pb_column][et_pb_column type=\u00bb1_4&#8243; _builder_version=\u00bb3.0.47&#8243; column_padding_mobile=\u00bbon\u00bb parallax=\u00bboff\u00bb parallax_method=\u00bboff\u00bb][et_pb_blurb title=\u00bbSeo &#038; Sem\u00bb icon_color=\u00bb#108bf5&#8243; image=\u00bbhttps:\/\/lujhon.com\/wp-content\/uploads\/2016\/03\/icono-seo.png\u00bb background_layout=\u00bbdark\u00bb admin_label=\u00bbBlurb\u00bb _builder_version=\u00bb3.0.47&#8243; background_size=\u00bbinitial\u00bb background_position=\u00bbtop_left\u00bb background_repeat=\u00bbrepeat\u00bb text_orientation=\u00bbcenter\u00bb custom_margin=\u00bb||0px|\u00bb use_border_color=\u00bboff\u00bb border_color=\u00bb#ffffff\u00bb border_style=\u00bbsolid\u00bb]<\/p>\n<p>Te posicionamos en internet haciendo visible tu marca a nuevos clientes.<\/p>\n<p>[\/et_pb_blurb][et_pb_cta button_url=\u00bbhttps:\/\/lujhon.com\/posicionamiento-web\u00bb button_text=\u00bbEnt\u00e9rate m\u00e1s\u00bb use_background_color=\u00bboff\u00bb admin_label=\u00bbCall To Action\u00bb _builder_version=\u00bb3.0.47&#8243; background_size=\u00bbinitial\u00bb background_position=\u00bbtop_left\u00bb background_repeat=\u00bbrepeat\u00bb custom_margin=\u00bb0px||0px|\u00bb use_border_color=\u00bboff\u00bb border_color=\u00bb#ffffff\u00bb border_style=\u00bbsolid\u00bb][\/et_pb_cta][\/et_pb_column][\/et_pb_row][\/et_pb_section]<\/p>","protected":false},"excerpt":{"rendered":"<p>[et_pb_section fb_built=\u00bb1&#8243; fullwidth=\u00bbon\u00bb admin_label=\u00bbSecci\u00f3n\u00bb custom_padding_last_edited=\u00bbon|desktop\u00bb _builder_version=\u00bb3.0.47&#8243; background_image=\u00bbhttps:\/\/lujhon.com\/wp-content\/uploads\/2016\/10\/bg-cabecera-ecommerce.jpg\u00bb custom_padding_tablet=\u00bb50px|0|50px|0&#8243; transparent_background=\u00bboff\u00bb padding_mobile=\u00bboff\u00bb][et_pb_fullwidth_header [&hellip;]<\/p>","protected":false},"author":1,"featured_media":0,"parent":0,"menu_order":0,"comment_status":"closed","ping_status":"closed","template":"","meta":{"_acf_changed":false,"_seopress_robots_primary_cat":"","_seopress_titles_title":"","_seopress_titles_desc":"","_seopress_robots_index":"","footnotes":""},"class_list":["post-883","page","type-page","status-publish","hentry"],"acf":[],"_links":{"self":[{"href":"https:\/\/lujhon.com\/en\/wp-json\/wp\/v2\/pages\/883","targetHints":{"allow":["GET"]}}],"collection":[{"href":"https:\/\/lujhon.com\/en\/wp-json\/wp\/v2\/pages"}],"about":[{"href":"https:\/\/lujhon.com\/en\/wp-json\/wp\/v2\/types\/page"}],"author":[{"embeddable":true,"href":"https:\/\/lujhon.com\/en\/wp-json\/wp\/v2\/users\/1"}],"replies":[{"embeddable":true,"href":"https:\/\/lujhon.com\/en\/wp-json\/wp\/v2\/comments?post=883"}],"version-history":[{"count":0,"href":"https:\/\/lujhon.com\/en\/wp-json\/wp\/v2\/pages\/883\/revisions"}],"wp:attachment":[{"href":"https:\/\/lujhon.com\/en\/wp-json\/wp\/v2\/media?parent=883"}],"curies":[{"name":"wp","href":"https:\/\/api.w.org\/{rel}","templated":true}]}}